{"id":7,"date":"2015-04-14T07:17:21","date_gmt":"2015-04-14T07:17:21","guid":{"rendered":"http:\/\/middle-east-contact.com\/?page_id=7"},"modified":"2020-11-06T16:23:22","modified_gmt":"2020-11-06T16:23:22","slug":"2-2","status":"publish","type":"page","link":"http:\/\/middle-east-contact.com\/?page_id=7","title":{"rendered":"einige Aktivit\u00e4ten"},"content":{"rendered":"<p><a href=\"http:\/\/middle-east-contact.com\/wp-content\/uploads\/2016\/08\/IMG_20160822_162110.jpg\" rel=\"attachment wp-att-244\"><img loading=\"lazy\" decoding=\"async\" class=\"alignnone wp-image-244\" src=\"http:\/\/middle-east-contact.com\/wp-content\/uploads\/2016\/08\/IMG_20160822_162110-300x198.jpg\" alt=\"IMG_20160822_162110\" width=\"637\" height=\"420\" srcset=\"http:\/\/middle-east-contact.com\/wp-content\/uploads\/2016\/08\/IMG_20160822_162110-300x198.jpg 300w, http:\/\/middle-east-contact.com\/wp-content\/uploads\/2016\/08\/IMG_20160822_162110-768x507.jpg 768w, http:\/\/middle-east-contact.com\/wp-content\/uploads\/2016\/08\/IMG_20160822_162110-1024x676.jpg 1024w\" sizes=\"auto, (max-width: 637px) 100vw, 637px\" \/><\/a><\/p>\n<p>Wirtschaftssenator Adel Nasser verhandelte erfolgreich mit dem <span lang=\"EN-GB\">CEO DHL-MYIDENTIFICATION<\/span> Herr Pieter de Valk und der F\u00fchrungsspitze.\u00a0Mehr Informationen finden Sie unter <span lang=\"EN-GB\"><a href=\"http:\/\/www.dhl-myid.com\">www.dhl-myid.com<\/a><\/span><span lang=\"EN-GB\">.<\/span><\/p>\n<p><a href=\"http:\/\/middle-east-contact.com\/wp-content\/uploads\/2015\/06\/IMG_20150610_133540.jpg\"><img loading=\"lazy\" decoding=\"async\" class=\"alignnone wp-image-69 size-large\" src=\"http:\/\/middle-east-contact.com\/wp-content\/uploads\/2015\/06\/IMG_20150610_133540-854x1024.jpg\" alt=\"IMG_20150610_133540\" width=\"640\" height=\"767\" srcset=\"http:\/\/middle-east-contact.com\/wp-content\/uploads\/2015\/06\/IMG_20150610_133540-854x1024.jpg 854w, http:\/\/middle-east-contact.com\/wp-content\/uploads\/2015\/06\/IMG_20150610_133540-250x300.jpg 250w\" sizes=\"auto, (max-width: 640px) 100vw, 640px\" \/><\/a><\/p>\n<p><span style=\"font-size: 12pt;\"> Wirtschaftssenator Adel Nasser richtete den Empfang des Digital Leaders Summits in Dubai aus und verkn\u00fcpfte Investoren mit Internettechnologie. Mehr Informationen finden Sie unter <a href=\"http:\/\/www.dlv.vc\/\">http:\/\/www.dlv.vc\/<\/a> .<\/span><\/p>\n<p><a href=\"http:\/\/middle-east-contact.com\/wp-content\/uploads\/2015\/06\/IMG_20150610_134025-e1434018044987.jpg\"><img loading=\"lazy\" decoding=\"async\" class=\"alignnone wp-image-68 size-large\" src=\"http:\/\/middle-east-contact.com\/wp-content\/uploads\/2015\/06\/IMG_20150610_134025-e1434018044987-1024x817.jpg\" alt=\"IMG_20150610_134025\" width=\"640\" height=\"511\" srcset=\"http:\/\/middle-east-contact.com\/wp-content\/uploads\/2015\/06\/IMG_20150610_134025-e1434018044987-1024x817.jpg 1024w, http:\/\/middle-east-contact.com\/wp-content\/uploads\/2015\/06\/IMG_20150610_134025-e1434018044987-300x239.jpg 300w\" sizes=\"auto, (max-width: 640px) 100vw, 640px\" \/><\/a><\/p>\n<p><span style=\"font-size: 12pt;\">Herr Nasser erkl\u00e4rt die Wichtigkeit der Verkn\u00fcpfung zwischen Investoren und Unternehmen.<\/span><\/p>\n<p><a href=\"http:\/\/middle-east-contact.com\/wp-content\/uploads\/2015\/06\/IMG_20150610_134616.jpg\"><img loading=\"lazy\" decoding=\"async\" class=\"alignnone wp-image-64 size-large\" src=\"http:\/\/middle-east-contact.com\/wp-content\/uploads\/2015\/06\/IMG_20150610_134616-1024x682.jpg\" alt=\"IMG_20150610_134616\" width=\"640\" height=\"426\" srcset=\"http:\/\/middle-east-contact.com\/wp-content\/uploads\/2015\/06\/IMG_20150610_134616-1024x682.jpg 1024w, http:\/\/middle-east-contact.com\/wp-content\/uploads\/2015\/06\/IMG_20150610_134616-300x200.jpg 300w, http:\/\/middle-east-contact.com\/wp-content\/uploads\/2015\/06\/IMG_20150610_134616.jpg 1772w\" sizes=\"auto, (max-width: 640px) 100vw, 640px\" \/><\/a><\/p>\n<p>Schon seit Jahrzehnten ist Adel Nasser, wie hier in Kuwait\u00a02000, erfolgreicher Partner und gerne gesehener Gast von einflussreichen\u00a0 Investoren aus dem gesamten arabischen Raum.<\/p>\n<p><a href=\"http:\/\/middle-east-contact.com\/wp-content\/uploads\/2015\/06\/IMG_20150610_134645.jpg\"><img loading=\"lazy\" decoding=\"async\" class=\"alignnone wp-image-63 size-large\" src=\"http:\/\/middle-east-contact.com\/wp-content\/uploads\/2015\/06\/IMG_20150610_134645-1024x695.jpg\" alt=\"IMG_20150610_134645\" width=\"640\" height=\"434\" srcset=\"http:\/\/middle-east-contact.com\/wp-content\/uploads\/2015\/06\/IMG_20150610_134645-1024x695.jpg 1024w, http:\/\/middle-east-contact.com\/wp-content\/uploads\/2015\/06\/IMG_20150610_134645-300x204.jpg 300w, http:\/\/middle-east-contact.com\/wp-content\/uploads\/2015\/06\/IMG_20150610_134645-430x292.jpg 430w, http:\/\/middle-east-contact.com\/wp-content\/uploads\/2015\/06\/IMG_20150610_134645.jpg 1732w\" sizes=\"auto, (max-width: 640px) 100vw, 640px\" \/><\/a><\/p>\n<p>Adel Nasser mit einer F\u00fchrungskraft von Wayss &amp; Freytag und einem einflussreichen Investor.<\/p>\n<p><a href=\"http:\/\/middle-east-contact.com\/wp-content\/uploads\/2015\/06\/IMG_20150610_134817.jpg\"><img loading=\"lazy\" decoding=\"async\" class=\"alignnone wp-image-62 size-large\" src=\"http:\/\/middle-east-contact.com\/wp-content\/uploads\/2015\/06\/IMG_20150610_134817-1024x683.jpg\" alt=\"IMG_20150610_134817\" width=\"640\" height=\"427\" srcset=\"http:\/\/middle-east-contact.com\/wp-content\/uploads\/2015\/06\/IMG_20150610_134817-1024x683.jpg 1024w, http:\/\/middle-east-contact.com\/wp-content\/uploads\/2015\/06\/IMG_20150610_134817-300x200.jpg 300w, http:\/\/middle-east-contact.com\/wp-content\/uploads\/2015\/06\/IMG_20150610_134817.jpg 1768w\" sizes=\"auto, (max-width: 640px) 100vw, 640px\" \/><\/a><\/p>\n<p>Adel Nasser diskutiert eines der vielen Gro\u00dfprojekte in Dubai, wo er regelm\u00e4\u00dfig deutsches Know-How mit der arabischen Welt verbindet.<\/p>\n<p><a href=\"http:\/\/middle-east-contact.com\/wp-content\/uploads\/2015\/06\/IMG_20150610_134123.jpg\"><img loading=\"lazy\" decoding=\"async\" class=\"alignnone wp-image-67 size-large\" src=\"http:\/\/middle-east-contact.com\/wp-content\/uploads\/2015\/06\/IMG_20150610_134123-1024x728.jpg\" alt=\"IMG_20150610_134123\" width=\"640\" height=\"455\" srcset=\"http:\/\/middle-east-contact.com\/wp-content\/uploads\/2015\/06\/IMG_20150610_134123-1024x728.jpg 1024w, http:\/\/middle-east-contact.com\/wp-content\/uploads\/2015\/06\/IMG_20150610_134123-300x213.jpg 300w\" sizes=\"auto, (max-width: 640px) 100vw, 640px\" \/><\/a><\/p>\n<p>Hier tauscht er Informationen und Know-How mit der Gesch\u00e4ftsf\u00fchrung der deutschen Brauerei Biermanufaktur Engel aus Crailsheim aus.<\/p>\n","protected":false},"excerpt":{"rendered":"<p>Wirtschaftssenator Adel Nasser verhandelte erfolgreich mit dem CEO DHL-MYIDENTIFICATION Herr Pieter de Valk und der F\u00fchrungsspitze.\u00a0Mehr Informationen finden Sie unter www.dhl-myid.com. Wirtschaftssenator Adel Nasser richtete den Empfang des Digital Leaders Summits in Dubai aus und verkn\u00fcpfte Investoren mit Internettechnologie. Mehr Informationen finden Sie unter http:\/\/www.dlv.vc\/ . Herr Nasser erkl\u00e4rt die Wichtigkeit der Verkn\u00fcpfung zwischen Investoren [&hellip;]<\/p>\n","protected":false},"author":1,"featured_media":0,"parent":0,"menu_order":3,"comment_status":"closed","ping_status":"open","template":"","meta":{"footnotes":""},"class_list":["post-7","page","type-page","status-publish","hentry"],"_links":{"self":[{"href":"http:\/\/middle-east-contact.com\/index.php?rest_route=\/wp\/v2\/pages\/7","targetHints":{"allow":["GET"]}}],"collection":[{"href":"http:\/\/middle-east-contact.com\/index.php?rest_route=\/wp\/v2\/pages"}],"about":[{"href":"http:\/\/middle-east-contact.com\/index.php?rest_route=\/wp\/v2\/types\/page"}],"author":[{"embeddable":true,"href":"http:\/\/middle-east-contact.com\/index.php?rest_route=\/wp\/v2\/users\/1"}],"replies":[{"embeddable":true,"href":"http:\/\/middle-east-contact.com\/index.php?rest_route=%2Fwp%2Fv2%2Fcomments&post=7"}],"version-history":[{"count":52,"href":"http:\/\/middle-east-contact.com\/index.php?rest_route=\/wp\/v2\/pages\/7\/revisions"}],"predecessor-version":[{"id":312,"href":"http:\/\/middle-east-contact.com\/index.php?rest_route=\/wp\/v2\/pages\/7\/revisions\/312"}],"wp:attachment":[{"href":"http:\/\/middle-east-contact.com\/index.php?rest_route=%2Fwp%2Fv2%2Fmedia&parent=7"}],"curies":[{"name":"wp","href":"https:\/\/api.w.org\/{rel}","templated":true}]}}