{"id":17,"date":"2015-04-14T07:19:14","date_gmt":"2015-04-14T07:19:14","guid":{"rendered":"http:\/\/middle-east-contact.com\/?page_id=17"},"modified":"2019-05-06T18:39:33","modified_gmt":"2019-05-06T18:39:33","slug":"impressum","status":"publish","type":"page","link":"http:\/\/middle-east-contact.com\/?page_id=17","title":{"rendered":"Impressum"},"content":{"rendered":"<div class=\"entry-content\">\n<h1>Impressum<\/h1>\n<p><b>Webseitenbetreiber<\/b><\/p>\n<p>ADA Fincontacts Limited<\/p>\n<p>(Ehemals: Middle East Contact Adel Nasser)<\/p>\n<p>Adel Nasser<br \/>\nGeneral Manager<\/p>\n<p>Business Bay, Beside Burj Khalifa<br \/>\nAspect Tower # 1101<\/p>\n<p>P.O.Box 18 19 21<\/p>\n<p>Dubai, VAE<\/p>\n<p><strong>Postadresse in Deutschland:<\/strong><br \/>\nPostfach 10 39 36<br \/>\n40030 D\u00fcsseldorf<\/p>\n<p>Telefon: +49 1577 85 11 111<br \/>\nEmail: a.nasser@middle-east-contact.com<br \/>\n.\u00a0\u00a0\u00a0\u00a0\u00a0\u00a0\u00a0\u00a0\u00a0 adel@adafincontacts.com<\/p>\n<p><b>Inhaltlich verantwortlich<\/b>:<\/p>\n<p>Adel Nasser<\/p>\n<p><a href=\"http:\/\/middle-east-contact.com\/wp-content\/uploads\/2016\/08\/IMG_20160809_0001.jpg\" rel=\"attachment wp-att-209\"><img loading=\"lazy\" decoding=\"async\" class=\"alignnone size-medium wp-image-209\" src=\"http:\/\/middle-east-contact.com\/wp-content\/uploads\/2016\/08\/IMG_20160809_0001-300x212.jpg\" alt=\"IMG_20160809_0001\" width=\"300\" height=\"212\" srcset=\"http:\/\/middle-east-contact.com\/wp-content\/uploads\/2016\/08\/IMG_20160809_0001-300x212.jpg 300w, http:\/\/middle-east-contact.com\/wp-content\/uploads\/2016\/08\/IMG_20160809_0001-768x544.jpg 768w, http:\/\/middle-east-contact.com\/wp-content\/uploads\/2016\/08\/IMG_20160809_0001-1024x725.jpg 1024w\" sizes=\"auto, (max-width: 300px) 100vw, 300px\" \/><\/a><a href=\"http:\/\/middle-east-contact.com\/wp-content\/uploads\/2017\/09\/ADA-FINCONTACTS-COGS-page-001.jpg\" rel=\"attachment wp-att-272\"><img loading=\"lazy\" decoding=\"async\" class=\"alignnone size-medium wp-image-272\" src=\"http:\/\/middle-east-contact.com\/wp-content\/uploads\/2017\/09\/ADA-FINCONTACTS-COGS-page-001-300x212.jpg\" alt=\"ADA FINCONTACTS-COGS-page-001\" width=\"300\" height=\"212\" srcset=\"http:\/\/middle-east-contact.com\/wp-content\/uploads\/2017\/09\/ADA-FINCONTACTS-COGS-page-001-300x212.jpg 300w, http:\/\/middle-east-contact.com\/wp-content\/uploads\/2017\/09\/ADA-FINCONTACTS-COGS-page-001-768x543.jpg 768w, http:\/\/middle-east-contact.com\/wp-content\/uploads\/2017\/09\/ADA-FINCONTACTS-COGS-page-001-1024x724.jpg 1024w, http:\/\/middle-east-contact.com\/wp-content\/uploads\/2017\/09\/ADA-FINCONTACTS-COGS-page-001.jpg 1754w\" sizes=\"auto, (max-width: 300px) 100vw, 300px\" \/><\/a><\/p>\n<h1>Disclaimer \u2013 rechtliche Hinweise<\/h1>\n<p><b>* Haftungsbeschr\u00e4nkung f\u00fcr eigene Inhalte<\/b> Die Inhalte unserer Webseiten wurden sorgf\u00e4ltig und nach bestem Gewissen erstellt. Gleichwohl kann f\u00fcr die Aktualit\u00e4t, Vollst\u00e4ndigkeit und Richtigkeit s\u00e4mtlicher Seiten keine Gew\u00e4hr \u00fcbernommen werden. Gem\u00e4\u00df \u00a7 7 Abs. 1 TMG sind wir als Diensteanbieter f\u00fcr eigene Inhalte auf diesen Seiten nach den allgemeinen Gesetzen verantwortlich. Wir sind als Diensteanbieter nach den \u00a7\u00a7 8 bis 10 TMG jedoch nicht verpflichtet, \u00fcbermittelte oder gespeicherte fremde Informationen zu \u00fcberwachen. Ab dem Zeitpunkt der Kenntnis einer konkreten Rechtsverletzung erfolgt eine umgehende Entfernung dieser Inhalte durch uns. Eine diesbez\u00fcgliche Haftung kann erst ab dem Zeitpunkt der Kenntniserlangung \u00fcbernommen werden.<\/p>\n<p><b>* Haftungsbeschr\u00e4nkung f\u00fcr externe Links<\/b> Unsere Webseite enth\u00e4lt Verkn\u00fcpfungen zu Webseiten Dritter (sog. \u201eexterne Links\u201c). Da wir auf deren Inhalte keinen Einfluss haben, kann f\u00fcr die fremden Inhalte keine Gew\u00e4hr \u00fcbernommen werden. F\u00fcr die Inhalte und Richtigkeit der Informationen ist stets der jeweilige Informationsanbieter der verlinkten Webseite verantwortlich. Zum Zeitpunkt der Verlinkung waren keine Rechtsverst\u00f6\u00dfe erkennbar. Sobald uns eine Rechtsverletzung bekannt wird, werden wir den jeweiligen Link umgehend entfernen.<\/p>\n<p><b>* Urheberrecht<\/b> Die auf dieser Webseite ver\u00f6ffentlichten Inhalte und Werke unterliegen dem deutschen Urheberrecht. Jede Vervielf\u00e4ltigung, Bearbeitung, Verbreitung und jede Art der Verwertung au\u00dferhalb der Grenzen des Urheberrechts bed\u00fcrfen der vorherigen schriftlichen Zustimmung des jeweiligen Urhebers bzw. Autors.<\/p>\n<p><b>* Datenschutz<\/b> Durch den Besuch unserer Webseite k\u00f6nnen Informationen \u00fcber den Zugriff (Datum, Uhrzeit, aufgerufene Seite) auf dem Server gespeichert werden. Dies stellt keine Auswertung personenbezogener Daten (z.B. Name, Anschrift oder E-Mail Adresse) dar. Sofern personenbezogene Daten erhoben werden, erfolgt dies \u2013 sofern m\u00f6glich \u2013 nur mit dem vorherigen Einverst\u00e4ndnis des Nutzers der Webseite. Eine Weiterleitung der Daten an Dritte findet ohne ausdr\u00fcckliche Zustimmung des Nutzers nicht statt. Wir weisen ausdr\u00fccklich darauf hin, dass die \u00dcbertragung von Daten im Internet (z.B. per E-Mail) Sicherheitsl\u00fccken aufweisen kann. Ein l\u00fcckenloser Schutz der Daten vor dem Zugriff Dritter ist nicht m\u00f6glich. Wir k\u00f6nnen keine Haftung f\u00fcr die durch solche Sicherheitsl\u00fccken entstehenden Sch\u00e4den \u00fcbernehmen. Der Verwendung aller ver\u00f6ffentlichten Kontaktdaten durch Dritte zum Zwecke von Werbung wird ausdr\u00fccklich widersprochen. Wir behalten uns rechtliche Schritte f\u00fcr den Fall der unverlangten Zusendung von Werbeinformationen, z.B. durch Spam-Mails, vor.<br \/>\n<b>Quelle<\/b>: <a href=\"http:\/\/www.nochoffen.de\/service\/muster-disclaimer\" target=\"_blank\" rel=\"noopener noreferrer\">Muster-Disclaimer<\/a> in Zusammenarbeit mit ROSE &amp; PARTNER LLP<\/p>\n<h1>Datenschutzerkl\u00e4rung<\/h1>\n<p><strong>Datenschutz<\/strong><\/p>\n<p>Die Nutzung unserer Webseite ist in der Regel ohne Angabe personenbezogener Daten m\u00f6glich. Soweit auf unseren Seiten personenbezogene Daten (beispielsweise Name, Anschrift oder eMail-Adressen) erhoben werden, erfolgt dies, soweit m\u00f6glich, stets auf freiwilliger Basis. Diese Daten werden ohne Ihre ausdr\u00fcckliche Zustimmung nicht an Dritte weitergegeben.<\/p>\n<p>Wir weisen darauf hin, dass die Daten\u00fcbertragung im Internet (z.B. bei der Kommunikation per E-Mail) Sicherheitsl\u00fccken aufweisen kann. Ein l\u00fcckenloser Schutz der Daten vor dem Zugriff durch Dritte ist nicht m\u00f6glich.<\/p>\n<p>Der Nutzung von im Rahmen der Impressumspflicht ver\u00f6ffentlichten Kontaktdaten durch Dritte zur \u00dcbersendung von nicht ausdr\u00fccklich angeforderter Werbung und Informationsmaterialien wird hiermit ausdr\u00fccklich widersprochen. Die Betreiber der Seiten behalten sich ausdr\u00fccklich rechtliche Schritte im Falle der unverlangten Zusendung von Werbeinformationen, etwa durch Spam-Mails, vor.<\/p>\n<p><strong>\u00a0Datenschutzerkl\u00e4rung f\u00fcr die Nutzung von Facebook-Plugins (Like-Button)<\/strong><\/p>\n<p>Auf unseren Seiten sind Plugins des sozialen Netzwerks Facebook (Facebook Inc., 1601 Willow Road, Menlo Park, California, 94025, USA) integriert. Die Facebook-Plugins erkennen Sie an dem Facebook-Logo oder dem \u201cLike-Button\u201d (\u201cGef\u00e4llt mir\u201d) auf unserer Seite. Eine \u00dcbersicht \u00fcber die Facebook-Plugins finden Sie hier: <a href=\"http:\/\/developers.facebook.com\/docs\/plugins\/\" target=\"_blank\" rel=\"noopener noreferrer\">http:\/\/developers.facebook.com\/docs\/plugins\/<\/a>.<br \/>\nWenn Sie unsere Seiten besuchen, wird \u00fcber das Plugin eine direkte Verbindung zwischen Ihrem Browser und dem Facebook-Server hergestellt. Facebook erh\u00e4lt dadurch die Information, dass Sie mit Ihrer IP-Adresse unsere Seite besucht haben. Wenn Sie den Facebook \u201cLike-Button\u201d anklicken w\u00e4hrend Sie in Ihrem Facebook-Account eingeloggt sind, k\u00f6nnen Sie die Inhalte unserer Seiten auf Ihrem Facebook-Profil verlinken. Dadurch kann Facebook den Besuch unserer Seiten Ihrem Benutzerkonto zuordnen. Wir weisen darauf hin, dass wir als Anbieter der Seiten keine Kenntnis vom Inhalt der \u00fcbermittelten Daten sowie deren Nutzung durch Facebook erhalten. Weitere Informationen hierzu finden Sie in der Datenschutzerkl\u00e4rung von facebook unter <a href=\"http:\/\/de-de.facebook.com\/policy.php\" target=\"_blank\" rel=\"noopener noreferrer\">http:\/\/de-de.facebook.com\/policy.php<\/a><\/p>\n<p>Wenn Sie nicht w\u00fcnschen, dass Facebook den Besuch unserer Seiten Ihrem Facebook-Nutzerkonto zuordnen kann, loggen Sie sich bitte aus Ihrem Facebook-Benutzerkonto aus.<\/p>\n<p><i>Quellverweis: <a href=\"http:\/\/www.e-recht24.de\/muster-datenschutzerklaerung.html\" target=\"_blank\" rel=\"noopener noreferrer\">Datenschutzerkl\u00e4rung<\/a> von eRecht24, dem Portal zum Internetrecht von Rechtsanwalt S\u00f6ren Siebert, <a href=\"http:\/\/www.e-recht24.de\/artikel\/datenschutz\/6590-facebook-like-button-datenschutz-disclaimer.html\" target=\"_blank\" rel=\"noopener noreferrer\">Facebook Datenschutzerkl\u00e4rung<\/a><\/i><\/p>\n<\/div>\n","protected":false},"excerpt":{"rendered":"<p>Impressum Webseitenbetreiber ADA Fincontacts Limited (Ehemals: Middle East Contact Adel Nasser) Adel Nasser General Manager Business Bay, Beside Burj Khalifa Aspect Tower # 1101 P.O.Box 18 19 21 Dubai, VAE Postadresse in Deutschland: Postfach 10 39 36 40030 D\u00fcsseldorf Telefon: +49 1577 85 11 111 Email: a.nasser@middle-east-contact.com .\u00a0\u00a0\u00a0\u00a0\u00a0\u00a0\u00a0\u00a0\u00a0 adel@adafincontacts.com Inhaltlich verantwortlich: Adel Nasser Disclaimer \u2013 [&hellip;]<\/p>\n","protected":false},"author":1,"featured_media":0,"parent":0,"menu_order":6,"comment_status":"open","ping_status":"open","template":"","meta":{"footnotes":""},"class_list":["post-17","page","type-page","status-publish","hentry"],"_links":{"self":[{"href":"http:\/\/middle-east-contact.com\/index.php?rest_route=\/wp\/v2\/pages\/17","targetHints":{"allow":["GET"]}}],"collection":[{"href":"http:\/\/middle-east-contact.com\/index.php?rest_route=\/wp\/v2\/pages"}],"about":[{"href":"http:\/\/middle-east-contact.com\/index.php?rest_route=\/wp\/v2\/types\/page"}],"author":[{"embeddable":true,"href":"http:\/\/middle-east-contact.com\/index.php?rest_route=\/wp\/v2\/users\/1"}],"replies":[{"embeddable":true,"href":"http:\/\/middle-east-contact.com\/index.php?rest_route=%2Fwp%2Fv2%2Fcomments&post=17"}],"version-history":[{"count":17,"href":"http:\/\/middle-east-contact.com\/index.php?rest_route=\/wp\/v2\/pages\/17\/revisions"}],"predecessor-version":[{"id":294,"href":"http:\/\/middle-east-contact.com\/index.php?rest_route=\/wp\/v2\/pages\/17\/revisions\/294"}],"wp:attachment":[{"href":"http:\/\/middle-east-contact.com\/index.php?rest_route=%2Fwp%2Fv2%2Fmedia&parent=17"}],"curies":[{"name":"wp","href":"https:\/\/api.w.org\/{rel}","templated":true}]}}