{"id":11,"date":"2015-04-14T07:17:48","date_gmt":"2015-04-14T07:17:48","guid":{"rendered":"http:\/\/middle-east-contact.com\/?page_id=11"},"modified":"2020-11-06T16:21:42","modified_gmt":"2020-11-06T16:21:42","slug":"4-2","status":"publish","type":"page","link":"http:\/\/middle-east-contact.com\/?page_id=11","title":{"rendered":"Wir \u00fcber uns"},"content":{"rendered":"<p><strong>Wir verf\u00fcgen \u00fcber Ihren Weg zu erfolgreichen Gesch\u00e4ften im arabischen Raum und in Europa.<\/strong><\/p>\n<p>Wirtschaftssenator Adel Nasser ist seit Jahrzehnten erfolgreich bei der Realisierung von Gro\u00dfprojekten und Gesch\u00e4ften zwischen der arabischen und europ\u00e4ischen Welt t\u00e4tig.<\/p>\n<p>Diese erfolgsorientierte Vermittlung und Realisation hochwertiger und innovativer Gro\u00dfprojekte im gesamten Arabischen Raum wie auch in Europa geh\u00f6rt zu den Kernkompetenzen seines Unternehmens Middle-East Contact, welches nun in ADA Fincontacts Limited umfirmiert wurde.<\/p>\n<p>F\u00fcr Investoren insbesondere aus Europa oder den Arabischen L\u00e4ndern sind wir mit der Akquisition, Finanzierung und der Vermittlung von Gro\u00dfprojekten wie z.B. Industriekomplexe, Hotels, Br\u00fccken und Stra\u00dfenbau, Gewerbe- u. Wohnprojekte aber auch innovativen Technologien wie z.B. Solarparks oder Windr\u00e4der beauftragt.<\/p>\n<p>In diesem Sinne suchen wir kontinuierlich f\u00fcr unsere Investoren auch passende Projekte mit attraktiven Renditen.<\/p>\n<p>Unsere Dienstleistungen besteht von der Vermittlung von Kontakten bis in die h\u00f6chsten wirtschaftlichen, gesellschaftlichen und politischen Kreise zur St\u00e4rkung Ihrer Gesch\u00e4ftsbasis und Erschlie\u00dfung neuer M\u00e4rkte bis hin zur Hilfestellung bei Ihrer eigenen Firmengr\u00fcndung und dem Aufbau eines Repr\u00e4sentantennetzes im arabischen Raum wie auch hier in Deutschland.<\/p>\n<p>Besonders in Dubai und dem Libanon hat Herr Adel Nasser exzellente Verbindungen.<\/p>\n<p>In allen F\u00e4llen k\u00f6nnen wir auf ein bew\u00e4hrtes, erstklassiges und kompetentes Netzwerk aus langj\u00e4hrigen Partnern zur\u00fcckgreifen.<\/p>\n<p>Ganz gleich, welche Ziele Sie verfolgen &#8211; wir begleiten Sie bei Ihrem Vorhaben sowohl in Deutschland und der EU als auch in die L\u00e4nder des Nahen und Mittleren Ostens.<\/p>\n<p>Im Detail ist unser Gesch\u00e4ftszweck:<\/p>\n<div class=\"row-fluid\">Investitionsberatung, Investition in kommerzielle Unternehmen &amp; Management, Gesch\u00e4ft &amp; Unternehmensberatung, Handel in globalen Finanzm\u00e4rkten, Immobilieninvestition und Entwicklung, Handel mit Gold- und Edelmetall, Holding und Management von Gesellschaften sowie Anteile auf Gesellschaften.<\/div>\n","protected":false},"excerpt":{"rendered":"<p>Wir verf\u00fcgen \u00fcber Ihren Weg zu erfolgreichen Gesch\u00e4ften im arabischen Raum und in Europa. Wirtschaftssenator Adel Nasser ist seit Jahrzehnten erfolgreich bei der Realisierung von Gro\u00dfprojekten und Gesch\u00e4ften zwischen der arabischen und europ\u00e4ischen Welt t\u00e4tig. Diese erfolgsorientierte Vermittlung und Realisation hochwertiger und innovativer Gro\u00dfprojekte im gesamten Arabischen Raum wie auch in Europa geh\u00f6rt zu den [&hellip;]<\/p>\n","protected":false},"author":1,"featured_media":0,"parent":0,"menu_order":1,"comment_status":"closed","ping_status":"open","template":"","meta":{"footnotes":""},"class_list":["post-11","page","type-page","status-publish","hentry"],"_links":{"self":[{"href":"http:\/\/middle-east-contact.com\/index.php?rest_route=\/wp\/v2\/pages\/11","targetHints":{"allow":["GET"]}}],"collection":[{"href":"http:\/\/middle-east-contact.com\/index.php?rest_route=\/wp\/v2\/pages"}],"about":[{"href":"http:\/\/middle-east-contact.com\/index.php?rest_route=\/wp\/v2\/types\/page"}],"author":[{"embeddable":true,"href":"http:\/\/middle-east-contact.com\/index.php?rest_route=\/wp\/v2\/users\/1"}],"replies":[{"embeddable":true,"href":"http:\/\/middle-east-contact.com\/index.php?rest_route=%2Fwp%2Fv2%2Fcomments&post=11"}],"version-history":[{"count":17,"href":"http:\/\/middle-east-contact.com\/index.php?rest_route=\/wp\/v2\/pages\/11\/revisions"}],"predecessor-version":[{"id":311,"href":"http:\/\/middle-east-contact.com\/index.php?rest_route=\/wp\/v2\/pages\/11\/revisions\/311"}],"wp:attachment":[{"href":"http:\/\/middle-east-contact.com\/index.php?rest_route=%2Fwp%2Fv2%2Fmedia&parent=11"}],"curies":[{"name":"wp","href":"https:\/\/api.w.org\/{rel}","templated":true}]}}